{"id":580,"date":"2025-07-07T15:52:43","date_gmt":"2025-07-07T15:52:43","guid":{"rendered":"https:\/\/queffe.it\/?page_id=580"},"modified":"2025-08-11T05:45:28","modified_gmt":"2025-08-11T05:45:28","slug":"multipatologico-ix","status":"publish","type":"page","link":"https:\/\/queffe.it\/?page_id=580","title":{"rendered":"Multipatologico &#8211; IX"},"content":{"rendered":"<p style=\"text-align: center;\"><strong>La mia storia di malato oncologico. Perch\u00e9 s\u00ec, perch\u00e9 credo che valga la pena raccontarla\u2026<\/strong><\/p>\n<p style=\"text-align: center;\"><strong>IX<\/strong><\/p>\n<p><strong>Giuly \u00e8 una combattente nata. Non come me che mi predispongo alla pazienza, mantengo la calma e attendo. Ha continuato a chiamare i ricoveri per me. Non so se le sue telefonate abbiano mosso qualcosa, ma lei ha reso <em>attiva l\u2019attesa<\/em>.<\/strong><\/p>\n<p><strong>L\u2019intervento \u00e8 stato finalmente riprogrammato per marted\u00ec 19 dicembre. Le rivendicazioni del personale sanitario non avevano ancora trovato soddisfazione e non era certa neppure questa data. <\/strong><\/p>\n<p><strong>Luned\u00ec 18 dicembre, attesa di nuova una chiamata. <\/strong><\/p>\n<p><strong>Che non arriva. Questa \u00e8 la volta buona. Se tutto va bene far\u00f2 Natale a casa, con l\u2019intervento alle spalle e un nuovo percorso di ripresa e poi di follow up. Tutto andr\u00e0 bene, non vedo l\u2019ora che sia domani.<\/strong><\/p>\n<p><strong>Cena leggera, Giuly la settimana precedente ha preso il covid ed \u00e8 subito andata nell\u2019appartamento di suo fratello, che si \u00e8 trasferito da mia suocera. In questi giorni tutto gira intorno a me, l\u2019obiettivo \u00e8 ovviamente evitare che io mi contagi.<\/strong><\/p>\n<p><strong>Ci mancherebbe solo il covid: gli ultimi giorni passano nell\u2019attesa di un sintomo, ma sono arrivato al giorno prima dell\u2019intervento in condizioni perfette. <\/strong><\/p>\n<p><strong>Sar\u00e0 Laura (mia figlia) ad accompagnarmi, domattina. Alle 8 sar\u00f2 davanti all\u2019ufficio ricoveri.<\/strong><\/p>\n<p><strong>Alle 22 sono a letto e mi sto assopendo. Suona il telefono.<\/strong><\/p>\n<p><strong>\u00abSono il dottor\u2026 Assistente del dottor\u2026 Chiedo scusa dell\u2019orario\u2026 Parlo con il signor\u2026?\u00bb (Le prime due non sono reticenze: \u00e8 che non ho proprio memorizzato i nomi!)<\/strong><\/p>\n<p><strong>Deglutisco.<\/strong><\/p>\n<p><strong>\u00abS\u00ec, sono io\u2026\u00bb e sono gi\u00e0 certo che deve dirmi che domani non mi operano.<\/strong><\/p>\n<p><strong>\u00abLe chiedo scusa per l\u2019orario. Capisco, \u00e8 veramente tardi, ma\u2026\u00bb<\/strong><\/p>\n<p><strong>La pausa si dilata. Il silenzio dall\u2019altro capo del telefono apre abissi sul nulla. E il mio intervento mi pare prossimo come la galassia di Andromeda.<\/strong><\/p>\n<p><strong>La voce del medico riprende:<\/strong><\/p>\n<p><strong>\u00abCapisco che avvisarla adesso\u2026 \u00e8, ehm\u2026 ma il dottor\u2026 mi ha dato l\u2019incarico di chiederle, mi scusi l\u2019orario, di chiederle\u2026\u00bb<\/strong><\/p>\n<p><strong>Non so consa pensare. E\u2019 un banale modo di dire, ma non so cosa pensare. Letteralmente: mi sto chiedendo a cosa potrei pensare e non lo so. La consapevolezza che non mi opereranno neanche domani non \u00e8 un pensiero, \u00e8 qualcosa che si \u00e8 impossessato di me scavalcando la parte pensante. <\/strong><\/p>\n<p><strong>Poi qualcosa per la mente mi passa: tutto questo non sta accadendo, forse sto sognando. \u00c8 la paura di non essere ancora operato che mi fa fare un sogno lucido. Ricordo pure che mi stavo addormentando. Tra poco mi sveglier\u00f2 e mi dir\u00f2 che era tutto estremamente reale. <\/strong><\/p>\n<p><strong>Ma non \u00e8 ancora finito, evidentemente, perch\u00e9 la voce, di l\u00e0, continua:<\/strong><\/p>\n<p><strong>\u00abEcco il dottor\u2026 mi ha detto di chiederle se non sarebbe possibile, per lei\u2026\u00bb<\/strong><\/p>\n<p><strong>Pausa.<\/strong><\/p>\n<p><strong>Attesa.<\/strong><\/p>\n<p><strong>\u00ab\u2026Se non sarebbe possibile per lei, scusi sa\u2026\u00bb<\/strong><\/p>\n<p><strong>Il medico del mio sogno non finisce pi\u00f9 di scusarsi.<\/strong><\/p>\n<p><strong>\u00ab\u2026Se non sarebbe possibile arrivare in ospedale entro le sei e trenta di domani mattina\u2026\u00bb<\/strong><\/p>\n<p><strong>Non era un sogno. Ma la domanda \u00e8 surreale che manco nei sogni pi\u00f9 assurdi: cosa vado a fare alle 6 in ospedale?<\/strong><\/p>\n<p><strong>\u00abSa, \u00e8 saltato il primo intervento del mattino e se fosse disponibile lei\u2026 Faremmmo in tempo prepararla per le 8.\u00bb<\/strong><\/p>\n<p><strong>\u00abNon c\u2019\u00e8 problema, alle sei e mezza sar\u00f2 l\u00ec\u00bb, mi affretto a concludere. Sia mai che cambino idea mentre siamo al telefono\u2026<\/strong><\/p>\n<p><strong>Laura mi ha sentito parlare e si presenta alla porta della camera da letto.<\/strong><\/p>\n<p><strong>\u00abDomani partiamo alle cinque e tre quarti, sar\u00f2 il primo operato del giorno, \u2013 le dico. \u2013 Non mi hanno chiamato per rimandare l\u2019intervento. Mi hanno chiamato perch\u00e9 sar\u00f2 il primo in sala operatoria, domattina.\u00bb<\/strong><\/p>\n<p><strong>Forse questa volta si fa.<\/strong><\/p>\n<p>&nbsp;<\/p>\n<h6 style=\"text-align: center;\"><a href=\"https:\/\/queffe.it\/?page_id=574\">TORNA AL CAPITOLO PRECEDENTE<\/a>\u00a0 \u00a0&#8211;\u00a0 \u00a0<a href=\"https:\/\/queffe.it\/?page_id=583\">LEGGI IL CAPITOLO SUCCESSIVO<\/a><\/h6>\n","protected":false},"excerpt":{"rendered":"<p>La mia storia di malato oncologico. Perch\u00e9 s\u00ec, perch\u00e9 credo che valga la pena raccontarla\u2026 IX Giuly \u00e8 una combattente nata. Non come me che mi predispongo alla pazienza, mantengo la calma e attendo. Ha continuato a chiamare i ricoveri per me. Non so se le sue telefonate abbiano mosso qualcosa, ma lei ha reso [&hellip;]<\/p>\n","protected":false},"author":1,"featured_media":0,"parent":388,"menu_order":0,"comment_status":"closed","ping_status":"closed","template":"","meta":{"footnotes":""},"class_list":["post-580","page","type-page","status-publish","hentry"],"yoast_head":"<!-- This site is optimized with the Yoast SEO plugin v27.5 - https:\/\/yoast.com\/product\/yoast-seo-wordpress\/ -->\n<title>Multipatologico - IX - i racconti di queffe<\/title>\n<meta name=\"robots\" content=\"index, follow, max-snippet:-1, max-image-preview:large, max-video-preview:-1\" \/>\n<link rel=\"canonical\" href=\"https:\/\/queffe.it\/?page_id=580\" \/>\n<meta property=\"og:locale\" content=\"it_IT\" \/>\n<meta property=\"og:type\" content=\"article\" \/>\n<meta property=\"og:title\" content=\"Multipatologico - IX - i racconti di queffe\" \/>\n<meta property=\"og:description\" content=\"La mia storia di malato oncologico. Perch\u00e9 s\u00ec, perch\u00e9 credo che valga la pena raccontarla\u2026 IX Giuly \u00e8 una combattente nata. Non come me che mi predispongo alla pazienza, mantengo la calma e attendo. Ha continuato a chiamare i ricoveri per me. Non so se le sue telefonate abbiano mosso qualcosa, ma lei ha reso [&hellip;]\" \/>\n<meta property=\"og:url\" content=\"https:\/\/queffe.it\/?page_id=580\" \/>\n<meta property=\"og:site_name\" content=\"i racconti di queffe\" \/>\n<meta property=\"article:modified_time\" content=\"2025-08-11T05:45:28+00:00\" \/>\n<meta name=\"twitter:card\" content=\"summary_large_image\" \/>\n<meta name=\"twitter:label1\" content=\"Tempo di lettura stimato\" \/>\n\t<meta name=\"twitter:data1\" content=\"4 minuti\" \/>\n<script type=\"application\/ld+json\" class=\"yoast-schema-graph\">{\"@context\":\"https:\\\/\\\/schema.org\",\"@graph\":[{\"@type\":\"WebPage\",\"@id\":\"https:\\\/\\\/queffe.it\\\/?page_id=580\",\"url\":\"https:\\\/\\\/queffe.it\\\/?page_id=580\",\"name\":\"Multipatologico - IX - i racconti di queffe\",\"isPartOf\":{\"@id\":\"https:\\\/\\\/queffe.it\\\/#website\"},\"datePublished\":\"2025-07-07T15:52:43+00:00\",\"dateModified\":\"2025-08-11T05:45:28+00:00\",\"breadcrumb\":{\"@id\":\"https:\\\/\\\/queffe.it\\\/?page_id=580#breadcrumb\"},\"inLanguage\":\"it-IT\",\"potentialAction\":[{\"@type\":\"ReadAction\",\"target\":[\"https:\\\/\\\/queffe.it\\\/?page_id=580\"]}]},{\"@type\":\"BreadcrumbList\",\"@id\":\"https:\\\/\\\/queffe.it\\\/?page_id=580#breadcrumb\",\"itemListElement\":[{\"@type\":\"ListItem\",\"position\":1,\"name\":\"Home\",\"item\":\"https:\\\/\\\/queffe.it\\\/\"},{\"@type\":\"ListItem\",\"position\":2,\"name\":\"Altro\",\"item\":\"https:\\\/\\\/queffe.it\\\/?page_id=54\"},{\"@type\":\"ListItem\",\"position\":3,\"name\":\"Multipatologico\",\"item\":\"https:\\\/\\\/queffe.it\\\/?page_id=388\"},{\"@type\":\"ListItem\",\"position\":4,\"name\":\"Multipatologico &#8211; IX\"}]},{\"@type\":\"WebSite\",\"@id\":\"https:\\\/\\\/queffe.it\\\/#website\",\"url\":\"https:\\\/\\\/queffe.it\\\/\",\"name\":\"i racconti di queffe\",\"description\":\"un invito a far volare con me la tua fantasia... \",\"publisher\":{\"@id\":\"https:\\\/\\\/queffe.it\\\/#organization\"},\"potentialAction\":[{\"@type\":\"SearchAction\",\"target\":{\"@type\":\"EntryPoint\",\"urlTemplate\":\"https:\\\/\\\/queffe.it\\\/?s={search_term_string}\"},\"query-input\":{\"@type\":\"PropertyValueSpecification\",\"valueRequired\":true,\"valueName\":\"search_term_string\"}}],\"inLanguage\":\"it-IT\"},{\"@type\":\"Organization\",\"@id\":\"https:\\\/\\\/queffe.it\\\/#organization\",\"name\":\"i racconti di queffe\",\"url\":\"https:\\\/\\\/queffe.it\\\/\",\"logo\":{\"@type\":\"ImageObject\",\"inLanguage\":\"it-IT\",\"@id\":\"https:\\\/\\\/queffe.it\\\/#\\\/schema\\\/logo\\\/image\\\/\",\"url\":\"https:\\\/\\\/queffe.it\\\/wp-content\\\/uploads\\\/2025\\\/03\\\/22.png\",\"contentUrl\":\"https:\\\/\\\/queffe.it\\\/wp-content\\\/uploads\\\/2025\\\/03\\\/22.png\",\"width\":394,\"height\":358,\"caption\":\"i racconti di queffe\"},\"image\":{\"@id\":\"https:\\\/\\\/queffe.it\\\/#\\\/schema\\\/logo\\\/image\\\/\"}}]}<\/script>\n<!-- \/ Yoast SEO plugin. -->","yoast_head_json":{"title":"Multipatologico - IX - i racconti di queffe","robots":{"index":"index","follow":"follow","max-snippet":"max-snippet:-1","max-image-preview":"max-image-preview:large","max-video-preview":"max-video-preview:-1"},"canonical":"https:\/\/queffe.it\/?page_id=580","og_locale":"it_IT","og_type":"article","og_title":"Multipatologico - IX - i racconti di queffe","og_description":"La mia storia di malato oncologico. Perch\u00e9 s\u00ec, perch\u00e9 credo che valga la pena raccontarla\u2026 IX Giuly \u00e8 una combattente nata. Non come me che mi predispongo alla pazienza, mantengo la calma e attendo. Ha continuato a chiamare i ricoveri per me. Non so se le sue telefonate abbiano mosso qualcosa, ma lei ha reso [&hellip;]","og_url":"https:\/\/queffe.it\/?page_id=580","og_site_name":"i racconti di queffe","article_modified_time":"2025-08-11T05:45:28+00:00","twitter_card":"summary_large_image","twitter_misc":{"Tempo di lettura stimato":"4 minuti"},"schema":{"@context":"https:\/\/schema.org","@graph":[{"@type":"WebPage","@id":"https:\/\/queffe.it\/?page_id=580","url":"https:\/\/queffe.it\/?page_id=580","name":"Multipatologico - IX - i racconti di queffe","isPartOf":{"@id":"https:\/\/queffe.it\/#website"},"datePublished":"2025-07-07T15:52:43+00:00","dateModified":"2025-08-11T05:45:28+00:00","breadcrumb":{"@id":"https:\/\/queffe.it\/?page_id=580#breadcrumb"},"inLanguage":"it-IT","potentialAction":[{"@type":"ReadAction","target":["https:\/\/queffe.it\/?page_id=580"]}]},{"@type":"BreadcrumbList","@id":"https:\/\/queffe.it\/?page_id=580#breadcrumb","itemListElement":[{"@type":"ListItem","position":1,"name":"Home","item":"https:\/\/queffe.it\/"},{"@type":"ListItem","position":2,"name":"Altro","item":"https:\/\/queffe.it\/?page_id=54"},{"@type":"ListItem","position":3,"name":"Multipatologico","item":"https:\/\/queffe.it\/?page_id=388"},{"@type":"ListItem","position":4,"name":"Multipatologico &#8211; IX"}]},{"@type":"WebSite","@id":"https:\/\/queffe.it\/#website","url":"https:\/\/queffe.it\/","name":"i racconti di queffe","description":"un invito a far volare con me la tua fantasia... ","publisher":{"@id":"https:\/\/queffe.it\/#organization"},"potentialAction":[{"@type":"SearchAction","target":{"@type":"EntryPoint","urlTemplate":"https:\/\/queffe.it\/?s={search_term_string}"},"query-input":{"@type":"PropertyValueSpecification","valueRequired":true,"valueName":"search_term_string"}}],"inLanguage":"it-IT"},{"@type":"Organization","@id":"https:\/\/queffe.it\/#organization","name":"i racconti di queffe","url":"https:\/\/queffe.it\/","logo":{"@type":"ImageObject","inLanguage":"it-IT","@id":"https:\/\/queffe.it\/#\/schema\/logo\/image\/","url":"https:\/\/queffe.it\/wp-content\/uploads\/2025\/03\/22.png","contentUrl":"https:\/\/queffe.it\/wp-content\/uploads\/2025\/03\/22.png","width":394,"height":358,"caption":"i racconti di queffe"},"image":{"@id":"https:\/\/queffe.it\/#\/schema\/logo\/image\/"}}]}},"jetpack_sharing_enabled":true,"_links":{"self":[{"href":"https:\/\/queffe.it\/index.php?rest_route=\/wp\/v2\/pages\/580","targetHints":{"allow":["GET"]}}],"collection":[{"href":"https:\/\/queffe.it\/index.php?rest_route=\/wp\/v2\/pages"}],"about":[{"href":"https:\/\/queffe.it\/index.php?rest_route=\/wp\/v2\/types\/page"}],"author":[{"embeddable":true,"href":"https:\/\/queffe.it\/index.php?rest_route=\/wp\/v2\/users\/1"}],"replies":[{"embeddable":true,"href":"https:\/\/queffe.it\/index.php?rest_route=%2Fwp%2Fv2%2Fcomments&post=580"}],"version-history":[{"count":10,"href":"https:\/\/queffe.it\/index.php?rest_route=\/wp\/v2\/pages\/580\/revisions"}],"predecessor-version":[{"id":699,"href":"https:\/\/queffe.it\/index.php?rest_route=\/wp\/v2\/pages\/580\/revisions\/699"}],"up":[{"embeddable":true,"href":"https:\/\/queffe.it\/index.php?rest_route=\/wp\/v2\/pages\/388"}],"wp:attachment":[{"href":"https:\/\/queffe.it\/index.php?rest_route=%2Fwp%2Fv2%2Fmedia&parent=580"}],"curies":[{"name":"wp","href":"https:\/\/api.w.org\/{rel}","templated":true}]}}